{"id":1625,"date":"2023-12-12T02:46:12","date_gmt":"2023-12-12T02:46:12","guid":{"rendered":"https:\/\/secundarioitp.edu.ar\/wp\/?page_id=1625"},"modified":"2023-12-19T18:29:41","modified_gmt":"2023-12-19T18:29:41","slug":"tecnico-quimico","status":"publish","type":"page","link":"https:\/\/secundarioitp.edu.ar\/wp\/tecnico-quimico\/","title":{"rendered":"T\u00e9cnico Qu\u00edmico"},"content":{"rendered":"\t\t<div data-elementor-type=\"wp-page\" data-elementor-id=\"1625\" class=\"elementor elementor-1625\">\n\t\t\t\t<div class=\"elementor-element elementor-element-mhphdo9 e-flex e-con-boxed e-con e-parent\" data-id=\"mhphdo9\" data-element_type=\"container\" data-e-type=\"container\" data-settings=\"{&quot;background_background&quot;:&quot;classic&quot;}\">\n\t\t\t\t\t<div class=\"e-con-inner\">\n\t\t<div class=\"elementor-element elementor-element-fe6a729 e-con-full e-flex e-con e-child\" data-id=\"fe6a729\" data-element_type=\"container\" data-e-type=\"container\" data-settings=\"{&quot;animation&quot;:&quot;none&quot;}\">\n\t\t\t\t<div class=\"elementor-element elementor-element-de48581 elementor-invisible elementor-widget elementor-widget-heading\" data-id=\"de48581\" data-element_type=\"widget\" data-e-type=\"widget\" data-settings=\"{&quot;_animation&quot;:&quot;fadeInUp&quot;}\" data-widget_type=\"heading.default\">\n\t\t\t\t<div class=\"elementor-widget-container\">\n\t\t\t\t\t<h2 class=\"elementor-heading-title elementor-size-default\">T\u00c9CNICO<\/h2>\t\t\t\t<\/div>\n\t\t\t\t<\/div>\n\t\t\t\t<div class=\"elementor-element elementor-element-c7345d2 elementor-invisible elementor-widget elementor-widget-heading\" data-id=\"c7345d2\" data-element_type=\"widget\" data-e-type=\"widget\" data-settings=\"{&quot;_animation&quot;:&quot;fadeInUp&quot;}\" data-widget_type=\"heading.default\">\n\t\t\t\t<div class=\"elementor-widget-container\">\n\t\t\t\t\t<h1 class=\"elementor-heading-title elementor-size-xxl\">QU\u00cdMICO<\/h1>\t\t\t\t<\/div>\n\t\t\t\t<\/div>\n\t\t\t\t<\/div>\n\t\t\t\t\t<\/div>\n\t\t\t\t<\/div>\n\t\t<div class=\"elementor-element elementor-element-697a4e7 e-flex e-con-boxed e-con e-parent\" data-id=\"697a4e7\" data-element_type=\"container\" data-e-type=\"container\">\n\t\t\t\t\t<div class=\"e-con-inner\">\n\t\t\t\t<div class=\"elementor-element elementor-element-f20b93f elementor-widget elementor-widget-spacer\" data-id=\"f20b93f\" data-element_type=\"widget\" data-e-type=\"widget\" data-widget_type=\"spacer.default\">\n\t\t\t\t<div class=\"elementor-widget-container\">\n\t\t\t\t\t\t\t<div class=\"elementor-spacer\">\n\t\t\t<div class=\"elementor-spacer-inner\"><\/div>\n\t\t<\/div>\n\t\t\t\t\t\t<\/div>\n\t\t\t\t<\/div>\n\t\t\t\t\t<\/div>\n\t\t\t\t<\/div>\n\t\t<div class=\"elementor-element elementor-element-8fec7be e-con-full e-flex elementor-invisible e-con e-parent\" data-id=\"8fec7be\" data-element_type=\"container\" data-e-type=\"container\" data-settings=\"{&quot;background_background&quot;:&quot;classic&quot;,&quot;animation&quot;:&quot;fadeInUp&quot;}\">\n\t\t\t\t<div class=\"elementor-element elementor-element-50062b0 elementor-widget elementor-widget-heading\" data-id=\"50062b0\" data-element_type=\"widget\" data-e-type=\"widget\" data-widget_type=\"heading.default\">\n\t\t\t\t<div class=\"elementor-widget-container\">\n\t\t\t\t\t<h3 class=\"elementor-heading-title elementor-size-default\">FUNDAMENTACI\u00d3N DE LA ESPECIALIDAD<\/h3>\t\t\t\t<\/div>\n\t\t\t\t<\/div>\n\t\t\t\t<\/div>\n\t\t<div class=\"elementor-element elementor-element-d2742ea e-flex e-con-boxed elementor-invisible e-con e-parent\" data-id=\"d2742ea\" data-element_type=\"container\" data-e-type=\"container\" data-settings=\"{&quot;animation&quot;:&quot;fadeIn&quot;}\">\n\t\t\t\t\t<div class=\"e-con-inner\">\n\t\t\t\t<div class=\"elementor-element elementor-element-71bf7ba elementor-widget elementor-widget-text-editor\" data-id=\"71bf7ba\" data-element_type=\"widget\" data-e-type=\"widget\" data-widget_type=\"text-editor.default\">\n\t\t\t\t<div class=\"elementor-widget-container\">\n\t\t\t\t\t\t\t\t\t<p>En el \u00e1rea de la <strong>QUIMICA<\/strong>, nuestra provincia y las vecinas cuentan con: Un sector socio productivo integrado por gran una gran variedad de industrias, tales como petroqu\u00edmicas, alimenticias, mineras, entre otras Instituciones de investigaci\u00f3n y desarrollo en ciencia y tecnolog\u00eda, tales como INTA, INTI entre otras. Planta piloto de la Universidad Nacional del Comahue Laboratorios de an\u00e1lisis qu\u00edmico de Instituciones de la Salud p\u00fablicos y privados. Instituciones P\u00fablicas en las \u00e1reas de control bromatol\u00f3gico de alimentos (Municipios). Empresas de servicios tercerizadas, los emprendimientos generados por el mismo t\u00e9cnico o bien integrar equipos de profesionales.<\/p><p>Ante tan amplio campo laboral justifica la necesidad de formar T\u00e9cnicos Qu\u00edmicos, capaces de desempe\u00f1arse con solvencia en los distintos \u00e1mbitos de trabajo mencionados. Su formaci\u00f3n acad\u00e9mica ser\u00e1 tal, que le permita adquirir habilidades y saberes que garanticen un buen desenvolvimiento en:<\/p><ul><li>Empresas de distintos tama\u00f1os con tecnolog\u00eda de punta, intermedia o elemental.<\/li><li>Laboratorios de an\u00e1lisis qu\u00edmicos, fisicoqu\u00edmicos y microbiol\u00f3gicos asumiendo responsabilidades en la realizaci\u00f3n e interpretaci\u00f3n: de ensayos y an\u00e1lisis de materias primas, insumos, materiales de proceso, productos, emisiones, efluentes y medio ambiente, as\u00ed como en la implementaci\u00f3n de sistemas de aseguramiento de la calidad y de las adecuadas condiciones de trabajo de acuerdo a normas.<\/li><li>En departamentos de abastecimiento, cumpliendo un importante rol tanto en la selecci\u00f3n y compra como en el asesoramiento t\u00e9cnico y venta de insumos, materias primas, productos, equipamiento e instrumental de laboratorio espec\u00edfico.<\/li><\/ul>\t\t\t\t\t\t\t\t<\/div>\n\t\t\t\t<\/div>\n\t\t\t\t\t<\/div>\n\t\t\t\t<\/div>\n\t\t<div class=\"elementor-element elementor-element-213475c e-con-full e-flex elementor-invisible e-con e-parent\" data-id=\"213475c\" data-element_type=\"container\" data-e-type=\"container\" data-settings=\"{&quot;background_background&quot;:&quot;classic&quot;,&quot;animation&quot;:&quot;fadeInUp&quot;}\">\n\t\t\t\t<div class=\"elementor-element elementor-element-fa09c7b elementor-widget elementor-widget-heading\" data-id=\"fa09c7b\" data-element_type=\"widget\" data-e-type=\"widget\" data-widget_type=\"heading.default\">\n\t\t\t\t<div class=\"elementor-widget-container\">\n\t\t\t\t\t<h3 class=\"elementor-heading-title elementor-size-default\">PERFIL DEL EGRESADO<\/h3>\t\t\t\t<\/div>\n\t\t\t\t<\/div>\n\t\t\t\t<\/div>\n\t\t<div class=\"elementor-element elementor-element-eb5cd89 e-flex e-con-boxed elementor-invisible e-con e-parent\" data-id=\"eb5cd89\" data-element_type=\"container\" data-e-type=\"container\" data-settings=\"{&quot;animation&quot;:&quot;fadeIn&quot;}\">\n\t\t\t\t\t<div class=\"e-con-inner\">\n\t\t\t\t<div class=\"elementor-element elementor-element-dcbc7ba elementor-widget elementor-widget-text-editor\" data-id=\"dcbc7ba\" data-element_type=\"widget\" data-e-type=\"widget\" data-widget_type=\"text-editor.default\">\n\t\t\t\t<div class=\"elementor-widget-container\">\n\t\t\t\t\t\t\t\t\t<p>El <strong>T\u00e9cnico del sector qu\u00edmico<\/strong> est\u00e1 capacitado para manifestar conocimientos, habilidades, destrezas, valores y actitudes en situaciones reales de trabajo, conforme a criterios de profesionalidad propios de su \u00e1rea y de responsabilidad social al:<\/p><ul><li>\u201cEvaluar las demandas de los an\u00e1lisis planteados, interpretar adecuadamente el tipo de requerimiento y planificar las acciones correspondientes que permitan su resoluci\u00f3n\u201d<\/li><li>\u201cElaborar los cursos de acci\u00f3n adecuados para encarar la ejecuci\u00f3n de las tareas planificadas.\u201d<\/li><li>\u201cGestionar y administrar el funcionamiento del \u00e1mbito de trabajo, las relaciones interpersonales y la provisi\u00f3n de los recursos\u201d<\/li><li>\u201cRealizar an\u00e1lisis de ensayos e interpretar sus resultados\u201d<\/li><li>\u201cSupervisar la ejecuci\u00f3n de ensayos y an\u00e1lisis y la adecuaci\u00f3n de los procedimientos a normas de calidad, seguridad y manejo adecuado de residuos.\u201d<\/li><li>\u201cGenerar y\/o participar de emprendimientos vinculados con \u00e1reas de su profesionalidad\u201d \u201cOperar y plantear mejoras en procesos qu\u00edmicos, f\u00edsicos, fisicoqu\u00edmicos y microbiol\u00f3gicos\u201d<\/li><li>Valorar el impacto social, econ\u00f3mico y ambiental como resultado de su intervenci\u00f3n en el \u00e1mbito laboral.<\/li><\/ul><p>El alcance de su perfil y las funciones que puede ejercer como profesional se encuentran claramente se\u00f1aladas en la Res. CFE N\u00ba 15\/07 &#8211; Marco de Referencia de la Especialidad.<\/p>\t\t\t\t\t\t\t\t<\/div>\n\t\t\t\t<\/div>\n\t\t\t\t\t<\/div>\n\t\t\t\t<\/div>\n\t\t<div class=\"elementor-element elementor-element-287103c e-con-full e-flex elementor-invisible e-con e-parent\" data-id=\"287103c\" data-element_type=\"container\" data-e-type=\"container\" data-settings=\"{&quot;background_background&quot;:&quot;classic&quot;,&quot;animation&quot;:&quot;fadeInUp&quot;}\">\n\t\t\t\t<div class=\"elementor-element elementor-element-9be04a3 elementor-widget elementor-widget-heading\" data-id=\"9be04a3\" data-element_type=\"widget\" data-e-type=\"widget\" data-widget_type=\"heading.default\">\n\t\t\t\t<div class=\"elementor-widget-container\">\n\t\t\t\t\t<h3 class=\"elementor-heading-title elementor-size-default\">ORGANIZACI\u00d3N DE LA ESPECIALIDAD<\/h3>\t\t\t\t<\/div>\n\t\t\t\t<\/div>\n\t\t\t\t<\/div>\n\t\t<div class=\"elementor-element elementor-element-4369756 e-flex e-con-boxed elementor-invisible e-con e-parent\" data-id=\"4369756\" data-element_type=\"container\" data-e-type=\"container\" data-settings=\"{&quot;animation&quot;:&quot;fadeIn&quot;}\">\n\t\t\t\t\t<div class=\"e-con-inner\">\n\t\t\t\t<div class=\"elementor-element elementor-element-a7a726f elementor-widget elementor-widget-text-editor\" data-id=\"a7a726f\" data-element_type=\"widget\" data-e-type=\"widget\" data-widget_type=\"text-editor.default\">\n\t\t\t\t<div class=\"elementor-widget-container\">\n\t\t\t\t\t\t\t\t\t<p>La educaci\u00f3n t\u00e9cnico profesional introduce a los estudiantes en un recorrido de profesionalizaci\u00f3n a partir del acceso a una base de conocimientos y de habilidades profesionales que les permitir\u00e1: su inserci\u00f3n en \u00e1reas ocupacionales cuya complejidad exige haber adquirido una formaci\u00f3n general, una cultura cient\u00edfico tecnol\u00f3gica de base a la par de una formaci\u00f3n t\u00e9cnica espec\u00edfica de car\u00e1cter profesional; continuar aprendiendo durante toda su vida y responder a demandas y necesidades del contexto socio productivo en el cual se desarrolla, con una mirada integral y prospectiva que excede a la preparaci\u00f3n para el desempe\u00f1o de puestos de trabajo u oficios espec\u00edficos.<\/p><p>Las trayectorias formativas contemplan la definici\u00f3n de espacios curriculares claramente definidos que aborden problemas propios del campo profesional espec\u00edfico en que se est\u00e9 formando, dando unidad y significado a los contenidos y actividades con un enfoque pluridisciplinario, que garanticen una l\u00f3gica de progresi\u00f3n y que organice los procesos de ense\u00f1anza &#8211; aprendizaje en un orden de complejidad creciente.<\/p><p>Atendiendo a la formaci\u00f3n integral de los estudiantes, la Especialidad contempla en su estructura curricular los cuatro campos de formaci\u00f3n establecidos en la Ley de Educaci\u00f3n T\u00e9cnico Profesional: Formaci\u00f3n General, Formaci\u00f3n cient\u00edfico-tecnol\u00f3gica, Formaci\u00f3n T\u00e9cnica Espec\u00edfica y Pr\u00e1cticas Profesionalizantes.<\/p><p>Los espacios curriculares correspondientes a los campos de la formaci\u00f3n general y cient\u00edfico tecnol\u00f3gico se desarrollar\u00e1n en el entorno \u00e1ulico y laboratorios. Para el campo T\u00e9cnico espec\u00edfico la construcci\u00f3n del aprendizaje se realizar\u00e1 a trav\u00e9s de Laboratorios, constituidos por distintos Trabajos Pr\u00e1cticos, ya que se considera que el futuro t\u00e9cnico deber\u00e1, ser capaz de vincularse con todos los factores que atraviesan la producci\u00f3n y la industria. En estos Laboratorios el docente y alumno tendr\u00e1n la oportunidad de generar el entrecruzamiento entre lo te\u00f3rico y lo emp\u00edrico, brindando un sost\u00e9n v\u00e1lido a los procesos de ense\u00f1anza y de aprendizaje.<\/p>\t\t\t\t\t\t\t\t<\/div>\n\t\t\t\t<\/div>\n\t\t\t\t\t<\/div>\n\t\t\t\t<\/div>\n\t\t<div class=\"elementor-element elementor-element-e16f958 e-flex e-con-boxed e-con e-parent\" data-id=\"e16f958\" data-element_type=\"container\" data-e-type=\"container\" data-settings=\"{&quot;background_background&quot;:&quot;classic&quot;}\">\n\t\t\t\t\t<div class=\"e-con-inner\">\n\t\t\t\t<div class=\"elementor-element elementor-element-5336445 elementor-invisible elementor-widget elementor-widget-heading\" data-id=\"5336445\" data-element_type=\"widget\" data-e-type=\"widget\" data-settings=\"{&quot;_animation&quot;:&quot;fadeInUp&quot;}\" data-widget_type=\"heading.default\">\n\t\t\t\t<div class=\"elementor-widget-container\">\n\t\t\t\t\t<h1 class=\"elementor-heading-title elementor-size-default\">CAMPO PR\u00c1CTICAS PROFESIONALIZANTES<\/h1>\t\t\t\t<\/div>\n\t\t\t\t<\/div>\n\t\t\t\t<div class=\"elementor-element elementor-element-7894bd0 elementor-invisible elementor-widget elementor-widget-heading\" data-id=\"7894bd0\" data-element_type=\"widget\" data-e-type=\"widget\" data-settings=\"{&quot;_animation&quot;:&quot;fadeInUp&quot;}\" data-widget_type=\"heading.default\">\n\t\t\t\t<div class=\"elementor-widget-container\">\n\t\t\t\t\t<h3 class=\"elementor-heading-title elementor-size-default\">CUARTO A\u00d1O CICLO LECTIVO<\/h3>\t\t\t\t<\/div>\n\t\t\t\t<\/div>\n\t\t\t\t\t<\/div>\n\t\t\t\t<\/div>\n\t\t<div class=\"elementor-element elementor-element-810127b e-flex e-con-boxed e-con e-parent\" data-id=\"810127b\" data-element_type=\"container\" data-e-type=\"container\">\n\t\t\t\t\t<div class=\"e-con-inner\">\n\t\t\t\t<div class=\"elementor-element elementor-element-bcfaba4 elementor-widget elementor-widget-text-editor\" data-id=\"bcfaba4\" data-element_type=\"widget\" data-e-type=\"widget\" data-widget_type=\"text-editor.default\">\n\t\t\t\t<div class=\"elementor-widget-container\">\n\t\t\t\t\t\t\t\t\t<p>Esta iniciativa surge de la necesidad de que los alumnos de la especialidad de qu\u00edmica, en su \u00faltimo a\u00f1o de estudios puedan desarrollar actividades pr\u00e1cticas en alg\u00fan laboratorio de una empresa o instituci\u00f3n de la regi\u00f3n, con el objeto de que se pongan en contacto con actividades de la realidad y de la rutina de un laboratorio con todas las responsabilidades y cuidados que esto conlleva.<\/p><p><strong>Objetivos:<\/strong> Brindar al egresado T\u00e9cnico Qu\u00edmico, las herramientas necesarias para desarrollar actividades que le permitan adquirir las destrezas necesarias en relaci\u00f3n a: La manipulaci\u00f3n de sustancias org\u00e1nicas y biol\u00f3gicamente vivas. La aplicaci\u00f3n de las normas de bioseguridad.<\/p><p>La importancia de producir datos que generen un diagn\u00f3stico m\u00e9dico. Resolver situaciones problem\u00e1ticas aplicando conocimientos cient\u00edficos adquiridos. Adquirir terminolog\u00eda especifica relacionada a las actividades de an\u00e1lisis cl\u00ednicos. Hacer transferencia de contenidos actitudinales: organizaci\u00f3n y gesti\u00f3n democr\u00e1tica, libertad, adhesi\u00f3n voluntaria, integraci\u00f3n, solidaridad y responsabilidad.<\/p><p>Desenvolverse adecuadamente en grupos de trabajos, potenciando los valores que dignifican la esencia del ser humano. Crear un v\u00ednculo entre los conocimientos adquiridos en la escuela y el \u00e1mbito laboral en un laboratorio de an\u00e1lisis cl\u00ednicos. Fortalecer la formaci\u00f3n del estudiante para un futuro desempe\u00f1o laboral \u00f3ptimo.<\/p>\t\t\t\t\t\t\t\t<\/div>\n\t\t\t\t<\/div>\n\t\t\t\t\t<\/div>\n\t\t\t\t<\/div>\n\t\t<div class=\"elementor-element elementor-element-7fd8bfb e-flex e-con-boxed elementor-invisible e-con e-parent\" data-id=\"7fd8bfb\" data-element_type=\"container\" data-e-type=\"container\" data-settings=\"{&quot;animation&quot;:&quot;fadeIn&quot;}\">\n\t\t\t\t\t<div class=\"e-con-inner\">\n\t\t\t\t<div class=\"elementor-element elementor-element-f7f7f39 elementor-widget-divider--separator-type-pattern elementor-widget-divider--view-line elementor-widget elementor-widget-divider\" data-id=\"f7f7f39\" data-element_type=\"widget\" data-e-type=\"widget\" data-widget_type=\"divider.default\">\n\t\t\t\t<div class=\"elementor-widget-container\">\n\t\t\t\t\t\t\t<div class=\"elementor-divider\" style=\"--divider-pattern-url: url(&quot;data:image\/svg+xml,%3Csvg xmlns=&#039;http:\/\/www.w3.org\/2000\/svg&#039; preserveAspectRatio=&#039;none&#039; overflow=&#039;visible&#039; height=&#039;100%&#039; viewBox=&#039;0 0 20 16&#039; fill=&#039;none&#039; stroke=&#039;black&#039; stroke-width=&#039;1&#039; stroke-linecap=&#039;square&#039; stroke-miterlimit=&#039;10&#039;%3E%3Cg transform=&#039;translate(-12.000000, 0)&#039;%3E%3Cpath d=&#039;M28,0L10,18&#039;\/%3E%3Cpath d=&#039;M18,0L0,18&#039;\/%3E%3Cpath d=&#039;M48,0L30,18&#039;\/%3E%3Cpath d=&#039;M38,0L20,18&#039;\/%3E%3C\/g%3E%3C\/svg%3E&quot;);\">\n\t\t\t<span class=\"elementor-divider-separator\">\n\t\t\t\t\t\t<\/span>\n\t\t<\/div>\n\t\t\t\t\t\t<\/div>\n\t\t\t\t<\/div>\n\t\t\t\t\t<\/div>\n\t\t\t\t<\/div>\n\t\t<div class=\"elementor-element elementor-element-d1d96a2 e-flex e-con-boxed elementor-invisible e-con e-parent\" data-id=\"d1d96a2\" data-element_type=\"container\" data-e-type=\"container\" data-settings=\"{&quot;animation&quot;:&quot;fadeInUp&quot;}\">\n\t\t\t\t\t<div class=\"e-con-inner\">\n\t\t<div class=\"elementor-element elementor-element-441dc76 e-con-full e-flex e-con e-child\" data-id=\"441dc76\" data-element_type=\"container\" data-e-type=\"container\">\n\t\t\t\t<div class=\"elementor-element elementor-element-a4cf977 elementor-widget elementor-widget-heading\" data-id=\"a4cf977\" data-element_type=\"widget\" data-e-type=\"widget\" data-widget_type=\"heading.default\">\n\t\t\t\t<div class=\"elementor-widget-container\">\n\t\t\t\t\t<h2 class=\"elementor-heading-title elementor-size-default\">CONTACTANOS<\/h2>\t\t\t\t<\/div>\n\t\t\t\t<\/div>\n\t\t\t\t<div class=\"elementor-element elementor-element-fb2e6ef elementor-widget elementor-widget-text-editor\" data-id=\"fb2e6ef\" data-element_type=\"widget\" data-e-type=\"widget\" data-widget_type=\"text-editor.default\">\n\t\t\t\t<div class=\"elementor-widget-container\">\n\t\t\t\t\t\t\t\t\t<p><strong>Tel\u00e9fono:<\/strong> 2994 096625<br \/><strong>Email:<\/strong> info@secundarioitp.edu.ar<\/p>\t\t\t\t\t\t\t\t<\/div>\n\t\t\t\t<\/div>\n\t\t\t\t<\/div>\n\t\t<div class=\"elementor-element elementor-element-1258f70 e-con-full e-flex e-con e-child\" data-id=\"1258f70\" data-element_type=\"container\" data-e-type=\"container\">\n\t\t\t\t<div class=\"elementor-element elementor-element-fa9815b elementor-widget elementor-widget-shortcode\" data-id=\"fa9815b\" data-element_type=\"widget\" data-e-type=\"widget\" data-widget_type=\"shortcode.default\">\n\t\t\t\t<div class=\"elementor-widget-container\">\n\t\t\t\t\t\t\t<div class=\"elementor-shortcode\"><script data-b24-form=\"inline\/73\/78nob6\" data-skip-moving=\"true\">(function(w,d,u){var s=d.createElement('script');s.async=true;s.src=u+'?'+(Date.now()\/180000|0);var h=d.getElementsByTagName('script')[0];h.parentNode.insertBefore(s,h);})(window,document,'https:\/\/cdn.bitrix24.es\/b24697751\/crm\/form\/loader_73.js');<\/script><\/div>\n\t\t\t\t\t\t<\/div>\n\t\t\t\t<\/div>\n\t\t\t\t<\/div>\n\t\t\t\t\t<\/div>\n\t\t\t\t<\/div>\n\t\t<div class=\"elementor-element elementor-element-f1829c8 e-flex e-con-boxed e-con e-parent\" data-id=\"f1829c8\" data-element_type=\"container\" data-e-type=\"container\">\n\t\t\t\t\t<div class=\"e-con-inner\">\n\t\t\t\t<div class=\"elementor-element elementor-element-6a89802 elementor-widget elementor-widget-spacer\" data-id=\"6a89802\" data-element_type=\"widget\" data-e-type=\"widget\" data-widget_type=\"spacer.default\">\n\t\t\t\t<div class=\"elementor-widget-container\">\n\t\t\t\t\t\t\t<div class=\"elementor-spacer\">\n\t\t\t<div class=\"elementor-spacer-inner\"><\/div>\n\t\t<\/div>\n\t\t\t\t\t\t<\/div>\n\t\t\t\t<\/div>\n\t\t\t\t\t<\/div>\n\t\t\t\t<\/div>\n\t\t\t\t<\/div>\n\t\t","protected":false},"excerpt":{"rendered":"<p>T\u00c9CNICO QU\u00cdMICO FUNDAMENTACI\u00d3N DE LA ESPECIALIDAD En el \u00e1rea de la QUIMICA, nuestra provincia y las vecinas cuentan con: Un sector socio productivo integrado por gran una gran variedad de industrias, tales como petroqu\u00edmicas, alimenticias, mineras, entre otras Instituciones de investigaci\u00f3n y desarrollo en ciencia y tecnolog\u00eda, tales como INTA, INTI entre otras. Planta piloto [&hellip;]<\/p>\n","protected":false},"author":2,"featured_media":0,"parent":0,"menu_order":0,"comment_status":"closed","ping_status":"closed","template":"","meta":{"site-sidebar-layout":"no-sidebar","site-content-layout":"page-builder","ast-site-content-layout":"full-width-container","site-content-style":"default","site-sidebar-style":"default","ast-global-header-display":"","ast-banner-title-visibility":"","ast-main-header-display":"","ast-hfb-above-header-display":"","ast-hfb-below-header-display":"","ast-hfb-mobile-header-display":"","site-post-title":"disabled","ast-breadcrumbs-content":"","ast-featured-img":"disabled","footer-sml-layout":"","ast-disable-related-posts":"","theme-transparent-header-meta":"","adv-header-id-meta":"","stick-header-meta":"","header-above-stick-meta":"","header-main-stick-meta":"","header-below-stick-meta":"","astra-migrate-meta-layouts":"set","ast-page-background-enabled":"default","ast-page-background-meta":{"desktop":{"background-color":"var(--ast-global-color-4)","background-image":"","background-repeat":"repeat","background-position":"center center","background-size":"auto","background-attachment":"scroll","background-type":"","background-media":"","overlay-type":"","overlay-color":"","overlay-opacity":"","overlay-gradient":""},"tablet":{"background-color":"","background-image":"","background-repeat":"repeat","background-position":"center center","background-size":"auto","background-attachment":"scroll","background-type":"","background-media":"","overlay-type":"","overlay-color":"","overlay-opacity":"","overlay-gradient":""},"mobile":{"background-color":"","background-image":"","background-repeat":"repeat","background-position":"center center","background-size":"auto","background-attachment":"scroll","background-type":"","background-media":"","overlay-type":"","overlay-color":"","overlay-opacity":"","overlay-gradient":""}},"ast-content-background-meta":{"desktop":{"background-color":"var(--ast-global-color-5)","background-image":"","background-repeat":"repeat","background-position":"center center","background-size":"auto","background-attachment":"scroll","background-type":"","background-media":"","overlay-type":"","overlay-color":"","overlay-opacity":"","overlay-gradient":""},"tablet":{"background-color":"var(--ast-global-color-5)","background-image":"","background-repeat":"repeat","background-position":"center center","background-size":"auto","background-attachment":"scroll","background-type":"","background-media":"","overlay-type":"","overlay-color":"","overlay-opacity":"","overlay-gradient":""},"mobile":{"background-color":"var(--ast-global-color-5)","background-image":"","background-repeat":"repeat","background-position":"center center","background-size":"auto","background-attachment":"scroll","background-type":"","background-media":"","overlay-type":"","overlay-color":"","overlay-opacity":"","overlay-gradient":""}},"_joinchat":[],"footnotes":""},"class_list":["post-1625","page","type-page","status-publish","hentry"],"_links":{"self":[{"href":"https:\/\/secundarioitp.edu.ar\/wp\/wp-json\/wp\/v2\/pages\/1625","targetHints":{"allow":["GET"]}}],"collection":[{"href":"https:\/\/secundarioitp.edu.ar\/wp\/wp-json\/wp\/v2\/pages"}],"about":[{"href":"https:\/\/secundarioitp.edu.ar\/wp\/wp-json\/wp\/v2\/types\/page"}],"author":[{"embeddable":true,"href":"https:\/\/secundarioitp.edu.ar\/wp\/wp-json\/wp\/v2\/users\/2"}],"replies":[{"embeddable":true,"href":"https:\/\/secundarioitp.edu.ar\/wp\/wp-json\/wp\/v2\/comments?post=1625"}],"version-history":[{"count":25,"href":"https:\/\/secundarioitp.edu.ar\/wp\/wp-json\/wp\/v2\/pages\/1625\/revisions"}],"predecessor-version":[{"id":2103,"href":"https:\/\/secundarioitp.edu.ar\/wp\/wp-json\/wp\/v2\/pages\/1625\/revisions\/2103"}],"wp:attachment":[{"href":"https:\/\/secundarioitp.edu.ar\/wp\/wp-json\/wp\/v2\/media?parent=1625"}],"curies":[{"name":"wp","href":"https:\/\/api.w.org\/{rel}","templated":true}]}}